{"id":447,"date":"2023-06-08T16:02:41","date_gmt":"2023-06-08T14:02:41","guid":{"rendered":"https:\/\/www.vit4biz.com\/fastour\/?page_id=447"},"modified":"2023-06-08T16:17:05","modified_gmt":"2023-06-08T14:17:05","slug":"come-funziona","status":"publish","type":"page","link":"https:\/\/www.vit4biz.com\/fastour\/come-funziona\/","title":{"rendered":"Come funziona"},"content":{"rendered":"<div id='layer_slider_1'  class='avia-layerslider main_color avia-shadow  avia-builder-el-0  el_before_av_one_full  avia-builder-el-first  container_wrap fullsize'  style='height: 651px;'  ><\/div><div id='after_layer_slider_1'  class='main_color av_default_container_wrap container_wrap fullsize'  ><div class='container av-section-cont-open' ><div class='template-page content  av-content-full alpha units'><div class='post-entry post-entry-type-page post-entry-447'><div class='entry-content-wrapper clearfix'>\n<div class='flex_column av-av_one_full-7714eba142aeda1f8b5272a3c372b279 av_one_full  avia-builder-el-1  el_after_av_layerslider  avia-builder-el-no-sibling  first flex_column_div '     ><section  class='av_textblock_section av-lin7kfmn-fe17cbf98475c914c4699dcbb527720c'  itemscope=\"itemscope\" itemtype=\"https:\/\/schema.org\/CreativeWork\" ><div class='avia_textblock'  itemprop=\"text\" ><h1><strong>COME SI INTEGRA<\/strong><\/h1>\n<div>Potete interfacciare il vostro sito o app direttamente con le nostre API o, se avete un sito in WordPress, utilizzare il nostro plugin.<\/div>\n<div><\/div>\n<div>L\u2019utente vedr\u00e0 il servizio come parte integrante del vostro sito o app.<br \/>\nI risultati prodotti da Fastour saranno <b>i vostri itinerari<\/b>, basati sulla vostra conoscenza del territorio e dei punti di interesse e potrete far visualizzare le vostre schede informative e le vostre proposte commerciali.<\/div>\n<div><strong>L&#8217;IMPORTAZIONE DEI POI<\/strong><br \/>\nI POI (punti di interesse) possono essere facilmente importati e aggiornati in modo massivo e con la massima semplicit\u00e0.<\/div>\n<div>Il nostro servizio di assistenza \u00e8 a vostra disposizione per aiutarvi o importare al posto vostro le schede informative, i POI del territorio e qualsiasi altra informazione vogliate rendere visibile nei percorsi creati da Fastour<\/div>\n<div><\/div>\n<div><\/div>\n<h1><\/h1>\n<\/div><\/section><br \/>\n<div  class='hr av-lin7sviw-17ac698f4e08df2db1c76dab95a6bd8f hr-short  avia-builder-el-3  el_after_av_textblock  el_before_av_textblock  hr-left'><span class='hr-inner '><span class=\"hr-inner-style\"><\/span><\/span><\/div><br \/>\n<section  class='av_textblock_section av-lin7saeo-48cf043d32fb6be30912a3cdd2025892'  itemscope=\"itemscope\" itemtype=\"https:\/\/schema.org\/CreativeWork\" ><div class='avia_textblock'  itemprop=\"text\" ><div><\/div>\n<div><\/div>\n<h1><\/h1>\n<h1><strong>IL VANTAGGIO PER I VOSTRI UTENTI<\/strong><\/h1>\n<div><\/div>\n<div>I vostri utenti potranno utilizzare un servizio\u00a0<b>unico\u00a0<\/b>e\u00a0<b>personalizzato<\/b>.<\/div>\n<div>Tramite la vostra pagina integrata con Fastour potranno indicare le loro preferenze, scegliendo il tipo di viaggio, il tempo a disposizione, la tipologia di attrazioni di interesse e altro.<\/p>\n<\/div>\n<div>Fastour proporr\u00e0 al vostro sito un elenco dei punti di interesse che rispettano i criteri indicati e\u00a0 mostrer\u00e0 su mappa le vostre schede informative.<\/p>\n<\/div>\n<div>A questo punto, una volta che gli utenti avranno scelto ci\u00f2 che intendono visitare, Fastour calcola tutti gli itinerari possibili e vi invia i migliori percorsi, personalizzati e ottimizzati in modo che\u00a0il vostro sito possa mostrare <b>in tempo reale<\/b>\u00a0i migliori itinerari per ogni singolo utente che visita le vostre pagine!<\/div>\n<\/div><\/section><br \/>\n<div  class='hr av-lin7th95-4dc57693d6e8622b4e51a92996a914fc hr-short  avia-builder-el-5  el_after_av_textblock  el_before_av_textblock  hr-left'><span class='hr-inner '><span class=\"hr-inner-style\"><\/span><\/span><\/div><br \/>\n<section  class='av_textblock_section av-lin7slgp-df55e5f8d0cc3d64badf16e96ac413cf'  itemscope=\"itemscope\" itemtype=\"https:\/\/schema.org\/CreativeWork\" ><div class='avia_textblock'  itemprop=\"text\" ><div><\/div>\n<div><\/div>\n<h1><\/h1>\n<h1><strong>IL VANTAGGIO PER VOI<\/strong><\/h1>\n<div><\/div>\n<div>Il vostro sito offrir\u00e0 un <b>servizio innovativo<\/b>\u00a0e\u00a0<b>unico\u00a0<\/b>ai vostri utenti, permettendovi di distinguervi nell&#8217;affollatissimo panorama dei portali turistici.<\/p>\n<\/div>\n<div><strong>La lista dele 10 cose da vedere?<\/strong><br \/>\n<em>Ce l&#8217;hanno tutti!<\/em><\/p>\n<\/div>\n<div><strong>Gli itinerari suggeriti?<\/strong><br \/>\n<em>Non soddisfano mai tutte le esigenze e i desideri di ogni singolo turista. Siamo tutti diversi e noi stessi faremmo\u00a0scelte differenti in momenti differenti!<\/em><\/div>\n<div><\/div>\n<div><strong>Itinerari personalizzati e aggiornati non appena modificate un POI?\u00a0<\/strong><br \/>\n<b>Solo con Fastour!<\/b><\/div>\n<div><\/div>\n<div>Inoltre<\/div>\n<div>Fastour consente di includere<strong> POI commerciali<\/strong> (ristoranti, agriturismi, produttori locali\u2026) e visualizzarli nei percorsi prodotti dal vostro sito.<\/div>\n<div>\n<p>Ci\u00f2 vi permetter\u00e0 di fare un salto di qualit\u00e0 nel\u00a0<b>marketing territoriale<\/b>\u00a0dando una visibilit\u00e0 molto pi\u00f9 specifica e localizzata ai vostri sponsor.<\/p>\n<p>Con Fastour conoscerete meglio i vostri utenti, fornendovi statistiche avanzate in merito a che cosa scelgono di visitare e molto altro.<\/p>\n<\/div>\n<div><\/div>\n<\/div><\/section><\/p><\/div>\n","protected":false},"excerpt":{"rendered":"","protected":false},"author":1,"featured_media":0,"parent":0,"menu_order":0,"comment_status":"closed","ping_status":"closed","template":"","meta":{"footnotes":""},"class_list":["post-447","page","type-page","status-publish","hentry"],"_links":{"self":[{"href":"https:\/\/www.vit4biz.com\/fastour\/wp-json\/wp\/v2\/pages\/447","targetHints":{"allow":["GET"]}}],"collection":[{"href":"https:\/\/www.vit4biz.com\/fastour\/wp-json\/wp\/v2\/pages"}],"about":[{"href":"https:\/\/www.vit4biz.com\/fastour\/wp-json\/wp\/v2\/types\/page"}],"author":[{"embeddable":true,"href":"https:\/\/www.vit4biz.com\/fastour\/wp-json\/wp\/v2\/users\/1"}],"replies":[{"embeddable":true,"href":"https:\/\/www.vit4biz.com\/fastour\/wp-json\/wp\/v2\/comments?post=447"}],"version-history":[{"count":9,"href":"https:\/\/www.vit4biz.com\/fastour\/wp-json\/wp\/v2\/pages\/447\/revisions"}],"predecessor-version":[{"id":462,"href":"https:\/\/www.vit4biz.com\/fastour\/wp-json\/wp\/v2\/pages\/447\/revisions\/462"}],"wp:attachment":[{"href":"https:\/\/www.vit4biz.com\/fastour\/wp-json\/wp\/v2\/media?parent=447"}],"curies":[{"name":"wp","href":"https:\/\/api.w.org\/{rel}","templated":true}]}}